{"id":1984,"date":"2020-08-18T13:30:23","date_gmt":"2020-08-18T11:30:23","guid":{"rendered":"https:\/\/thiers-sur-theve.fr\/?page_id=1984"},"modified":"2026-05-10T00:22:22","modified_gmt":"2026-05-09T22:22:22","slug":"commissions","status":"publish","type":"page","link":"https:\/\/thiers-sur-theve.fr\/index.php\/mon-village\/commissions\/","title":{"rendered":"Les Commissions"},"content":{"rendered":"\n<div class=\"wp-block-group is-vertical is-layout-flex wp-container-core-group-is-layout-8cf370e7 wp-block-group-is-layout-flex\">\n<h2 class=\"wp-block-heading\">CCAS &#8211; Centre Communal d&rsquo;Action Sociale<\/h2>\n\n\n\n<p><strong>Vice-Pr\u00e9sident :<\/strong> Huguette CAUMARTIN<\/p>\n\n\n\n<p><strong>Membres :<\/strong> Micheline DURLOT, Philippe TRACA, Marie-Annik AMBULANT<\/p>\n\n\n\n<hr class=\"wp-block-separator has-alpha-channel-opacity is-style-default\"\/>\n\n\n\n<p><\/p>\n\n\n\n<h2 class=\"wp-block-heading\">Commission de Contr\u00f4le des Listes \u00c9lectorales et des \u00c9lections<\/h2>\n\n\n\n<p><strong>Membres :<\/strong> Philippe TRACA, Christian MIQUEL, Huguette CAUMARTIN, Marie-Annik AMBULANT, Didier JEUDON<\/p>\n\n\n\n<hr class=\"wp-block-separator has-alpha-channel-opacity is-style-default\"\/>\n<\/div>\n\n\n\n<div class=\"wp-block-group is-vertical is-layout-flex wp-container-core-group-is-layout-8cf370e7 wp-block-group-is-layout-flex\">\n<p><\/p>\n\n\n\n<h2 class=\"wp-block-heading\">Commission du Budget et des Finances<\/h2>\n\n\n\n<p><strong>Vice-Pr\u00e9sident :<\/strong> Mathieu GUGLIERI<\/p>\n\n\n\n<p><strong>Membres :<\/strong> La\u00ebticia TAINE, Christian MIQUEL, Philippe TRACA, Didier JEUDON<\/p>\n\n\n\n<hr class=\"wp-block-separator has-alpha-channel-opacity is-style-default\"\/>\n<\/div>\n\n\n\n<div class=\"wp-block-group is-vertical is-layout-flex wp-container-core-group-is-layout-8cf370e7 wp-block-group-is-layout-flex\">\n<p><\/p>\n\n\n\n<h2 class=\"wp-block-heading\">Commission des Travaux, Voierie et S\u00e9curit\u00e9<\/h2>\n\n\n\n<p><strong>Vice-Pr\u00e9sident :<\/strong> Valentin WITROWIEZ<\/p>\n\n\n\n<p><strong>Membres :<\/strong> S\u00e9bastien BENSA, Philippe TRACA, S\u00e9bastien B\u00d6HM, Didier JEUDON<\/p>\n\n\n\n<hr class=\"wp-block-separator has-alpha-channel-opacity is-style-default\"\/>\n<\/div>\n\n\n\n<div class=\"wp-block-group is-vertical is-layout-flex wp-container-core-group-is-layout-8cf370e7 wp-block-group-is-layout-flex\">\n<p><\/p>\n\n\n\n<h2 class=\"wp-block-heading\">Commission de l&rsquo;Environnement et du Patrimoine<\/h2>\n\n\n\n<p><strong>Vice-Pr\u00e9sident :<\/strong> Christian MIQUEL<\/p>\n\n\n\n<p><strong>Membres :<\/strong> Oph\u00e9lie LESCOUET KERNEL, Micheline DURLOT, Valentin WITROWIEZ, Marie-Annik AMBULANT<\/p>\n\n\n\n<hr class=\"wp-block-separator has-alpha-channel-opacity is-style-default\"\/>\n<\/div>\n\n\n\n<div class=\"wp-block-group is-vertical is-layout-flex wp-container-core-group-is-layout-8cf370e7 wp-block-group-is-layout-flex\">\n<p><\/p>\n\n\n\n<h2 class=\"wp-block-heading\">Commission de l&rsquo;\u00c9cole et du P\u00e9riscolaire<\/h2>\n\n\n\n<p><strong>Vice-Pr\u00e9sident :<\/strong> S\u00e9bastien BENSA<\/p>\n\n\n\n<p><strong>Membres :<\/strong> Mathieu GUGLIERI, Valentin WITROWIEZ, Micheline DURLOT, Didier JEUDON<\/p>\n\n\n\n<hr class=\"wp-block-separator has-alpha-channel-opacity is-style-default\"\/>\n<\/div>\n\n\n\n<div class=\"wp-block-group is-vertical is-layout-flex wp-container-core-group-is-layout-8cf370e7 wp-block-group-is-layout-flex\">\n<p><\/p>\n\n\n\n<h2 class=\"wp-block-heading\">Commission de la Jeunesse, des Sports et des Associations<\/h2>\n\n\n\n<p><strong>Vice-Pr\u00e9sident :<\/strong> Philippe TRACA<\/p>\n\n\n\n<p><strong>Membres :<\/strong> Oph\u00e9lie LESCOUET KERNEL, Micheline DURLOT, Valentin WITROWIEZ, Marie-Annik AMBULANT<\/p>\n\n\n\n<hr class=\"wp-block-separator has-alpha-channel-opacity is-style-default\"\/>\n<\/div>\n\n\n\n<div class=\"wp-block-group is-vertical is-layout-flex wp-container-core-group-is-layout-8cf370e7 wp-block-group-is-layout-flex\">\n<p><\/p>\n\n\n\n<h2 class=\"wp-block-heading\">Commission de l&rsquo;Urbanisme et du PLU<\/h2>\n\n\n\n<p><strong>Vice-Pr\u00e9sident :<\/strong> Philippe TRACA<\/p>\n\n\n\n<p><strong>Membres :<\/strong> Christian MIQUEL, Huguette CAUMARTIN, S\u00e9bastien B\u00d6HM, Didier JEUDON<\/p>\n\n\n\n<hr class=\"wp-block-separator has-alpha-channel-opacity is-style-default\"\/>\n<\/div>\n\n\n\n<div class=\"wp-block-group is-vertical is-layout-flex wp-container-core-group-is-layout-8cf370e7 wp-block-group-is-layout-flex\">\n<p><\/p>\n\n\n\n<h2 class=\"wp-block-heading\">Commission de la Communication<\/h2>\n\n\n\n<p><strong>Vice-Pr\u00e9sident :<\/strong> Mathieu GUGLIERI<\/p>\n\n\n\n<p><strong>Membres :<\/strong> La\u00ebtitia TAINE, Florence KERNEL, Micheline DURLOT, Didier JEUDON<\/p>\n\n\n\n<hr class=\"wp-block-separator has-alpha-channel-opacity is-style-default\"\/>\n<\/div>\n\n\n\n<div class=\"wp-block-group is-vertical is-layout-flex wp-container-core-group-is-layout-8cf370e7 wp-block-group-is-layout-flex\">\n<p><\/p>\n\n\n\n<h2 class=\"wp-block-heading\">Commission de l&rsquo;Administration et du Personnel<\/h2>\n\n\n\n<p><strong>Vice-Pr\u00e9sident :<\/strong> La\u00ebtitia TAINE<\/p>\n\n\n\n<p><strong>Membres :<\/strong> Valentin WITROWIEZ, S\u00e9bastien B\u00d6HM, Florence KERNEL, Michelle BRAYETTE <\/p>\n\n\n\n<hr class=\"wp-block-separator has-alpha-channel-opacity is-style-default\"\/>\n<\/div>\n\n\n\n<div class=\"wp-block-group is-vertical is-layout-flex wp-container-core-group-is-layout-8cf370e7 wp-block-group-is-layout-flex\">\n<p><\/p>\n\n\n\n<h2 class=\"wp-block-heading\">Commission de la Solidarit\u00e9 et la Lutte contre l&rsquo;Isolement<\/h2>\n\n\n\n<p><strong>Vice-Pr\u00e9sident :<\/strong> Florence KERNEL<\/p>\n\n\n\n<p><strong>Membres :<\/strong> Micheline DURLOT, Huguette CAUMARTIN, La\u00ebtitia TAINE, Marie-Annik AMBULANT <\/p>\n\n\n\n<hr class=\"wp-block-separator has-alpha-channel-opacity is-style-default\"\/>\n<\/div>\n\n\n\n<div class=\"wp-block-group is-vertical is-layout-flex wp-container-core-group-is-layout-8cf370e7 wp-block-group-is-layout-flex\">\n<p><\/p>\n\n\n\n<h2 class=\"wp-block-heading\">Commission des Festivit\u00e9s<\/h2>\n\n\n\n<p><strong>Vice-Pr\u00e9sident :<\/strong> S\u00e9bastien B\u00d4HM<\/p>\n\n\n\n<p><strong>Membres :<\/strong> Mathieu GUGLIERI, La\u00ebtitia TAINE, Christian MIQUEL, Florence KERNEL, Philippe TRACA, Huguette CAUMARTIN, Valentin WITROWIEZ, Micheline DURLOT, S\u00e9bastien BENSA, Michelle BRAYETTE, S\u00e9bastien B\u00d6HM, Oph\u00e9lie LESCOUET KERNEL, Didier JEUDON, Marie-Annik AMBULANT <\/p>\n\n\n\n<hr class=\"wp-block-separator has-alpha-channel-opacity is-style-default\"\/>\n<\/div>\n\n\n\n<div class=\"wp-block-group is-vertical is-layout-flex wp-container-core-group-is-layout-8cf370e7 wp-block-group-is-layout-flex\">\n<p><\/p>\n\n\n\n<h2 class=\"wp-block-heading\">Commission d&rsquo;Appel d&rsquo;Offres<\/h2>\n\n\n\n<p><strong>Vice-Pr\u00e9sident :<\/strong> Mathieu GUGLIERI<\/p>\n\n\n\n<p><strong>Titulaires :<\/strong> Valentin WITROWIEZ, Didier JEUDON <\/p>\n\n\n\n<p><strong>Suppl\u00e9ants :<\/strong> Philippe TRACA, Florence KERNEL, Marie-Annik AMBULANT <\/p>\n\n\n\n<hr class=\"wp-block-separator has-alpha-channel-opacity is-style-default\"\/>\n<\/div>\n\n\n\n<p><\/p>\n","protected":false},"excerpt":{"rendered":"<p>CCAS &#8211; Centre Communal d&rsquo;Action Sociale Vice-Pr\u00e9sident : Huguette CAUMARTIN Membres : Micheline DURLOT, Philippe TRACA, Marie-Annik AMBULANT Commission de Contr\u00f4le des Listes \u00c9lectorales et des \u00c9lections Membres : Philippe TRACA, Christian MIQUEL, Huguette CAUMARTIN, Marie-Annik AMBULANT, Didier JEUDON Commission du Budget et des Finances Vice-Pr\u00e9sident : Mathieu GUGLIERI Membres : La\u00ebticia TAINE, Christian MIQUEL, &hellip; <\/p>\n<p class=\"link-more\"><a href=\"https:\/\/thiers-sur-theve.fr\/index.php\/mon-village\/commissions\/\" class=\"more-link\">Continuer la lecture<span class=\"screen-reader-text\"> de &laquo;&nbsp;Les Commissions&nbsp;&raquo;<\/span><\/a><\/p>\n","protected":false},"author":2,"featured_media":0,"parent":6,"menu_order":0,"comment_status":"closed","ping_status":"closed","template":"page-templates\/full-width-page.php","meta":{"footnotes":""},"class_list":["post-1984","page","type-page","status-publish","hentry"],"_links":{"self":[{"href":"https:\/\/thiers-sur-theve.fr\/index.php\/wp-json\/wp\/v2\/pages\/1984","targetHints":{"allow":["GET"]}}],"collection":[{"href":"https:\/\/thiers-sur-theve.fr\/index.php\/wp-json\/wp\/v2\/pages"}],"about":[{"href":"https:\/\/thiers-sur-theve.fr\/index.php\/wp-json\/wp\/v2\/types\/page"}],"author":[{"embeddable":true,"href":"https:\/\/thiers-sur-theve.fr\/index.php\/wp-json\/wp\/v2\/users\/2"}],"replies":[{"embeddable":true,"href":"https:\/\/thiers-sur-theve.fr\/index.php\/wp-json\/wp\/v2\/comments?post=1984"}],"version-history":[{"count":0,"href":"https:\/\/thiers-sur-theve.fr\/index.php\/wp-json\/wp\/v2\/pages\/1984\/revisions"}],"up":[{"embeddable":true,"href":"https:\/\/thiers-sur-theve.fr\/index.php\/wp-json\/wp\/v2\/pages\/6"}],"wp:attachment":[{"href":"https:\/\/thiers-sur-theve.fr\/index.php\/wp-json\/wp\/v2\/media?parent=1984"}],"curies":[{"name":"wp","href":"https:\/\/api.w.org\/{rel}","templated":true}]}}