{"id":3042,"date":"2022-08-02T12:56:37","date_gmt":"2022-08-02T10:56:37","guid":{"rendered":"https:\/\/thiers-sur-theve.fr\/?page_id=3042"},"modified":"2022-08-02T15:27:06","modified_gmt":"2022-08-02T13:27:06","slug":"sondages-horaires-scolaires","status":"publish","type":"page","link":"https:\/\/thiers-sur-theve.fr\/index.php\/sondages-horaires-scolaires\/","title":{"rendered":"Sondage horaires scolaires"},"content":{"rendered":"\n<p><em>Madame, Monsieur,&nbsp;<\/em><\/p>\n\n\n\n<p><em>Afin que les \u00e9l\u00e8ves puissent gagner en s\u00e9r\u00e9nit\u00e9 et en confort durant la pause m\u00e9ridienne, nous souhaiterions mettre en place une nouvelle organisation qui supposerait modifier les horaires scolaires de mani\u00e8re \u00e0 \u00e9largir la coupure m\u00e9ridienne de 11h30 \u00e0 13h30. En cons\u00e9quence, les \u00e9l\u00e8ves auraient classe de 8h30 \u00e0 11h30 et de 13h30 \u00e0 16h30.\u00a0<br><br>Il serait\u00a0 propos\u00e9 aux enfants d\u00e9jeunant \u00e0 la cantine deux services de repas.\u00a0 Cela permettrait de r\u00e9duire le nombre d&rsquo;enfants pr\u00e9sents simultan\u00e9ment dans la salle et donc de garantir une meilleure prise en charge des besoins de chaque tranche d&rsquo;\u00e2ge, maternelle et \u00e9l\u00e9mentaire.\u00a0<\/em><\/p>\n\n\n\n<p><em>L&rsquo;\u00e9quipe enseignante a \u00e9t\u00e9 inform\u00e9e de cet \u00e9ventuel changement, il nous semble cependant important de consulter les parents . C&rsquo;est pourquoi, nous vous demandons de bien vouloir nous communiquer votre avis \u00e0 l&rsquo;aide du formulaire ci-dessous.\u00a0<\/em><\/p>\n\n\n\n<p><em>En vous remerciant de votre coop\u00e9ration,\u00a0<\/em><\/p>\n\n\n\n<p><em>Bien cordialement.&nbsp;<\/em><\/p>\n\n\n\n<p><em>L&rsquo;\u00e9quipe municipale.&nbsp;<\/em><\/p>\n\n\n\n<div class=\"forminator-guttenberg\"><div class=\"forminator-ui forminator-custom-form forminator-custom-form-3041 forminator-design--default  forminator_ajax\" data-forminator-render=\"0\" data-form=\"forminator-module-3041\" data-uid=\"69e16e5ea2067\"><br\/><\/div><form\n\t\t\t\tid=\"forminator-module-3041\"\n\t\t\t\tclass=\"forminator-ui forminator-custom-form forminator-custom-form-3041 forminator-design--default  forminator_ajax\"\n\t\t\t\tmethod=\"post\"\n\t\t\t\tdata-forminator-render=\"0\"\n\t\t\t\tdata-form-id=\"3041\"\n\t\t\t\t data-color-option=\"default\" data-design=\"default\" data-grid=\"open\" style=\"display: none;\"\n\t\t\t\tdata-uid=\"69e16e5ea2067\"\n\t\t\t><div role=\"alert\" aria-live=\"polite\" class=\"forminator-response-message forminator-error\" aria-hidden=\"true\"><\/div><div class=\"forminator-row\"><div id=\"name-1\" class=\"forminator-field-name forminator-col forminator-col-12 \"><div class=\"forminator-field\"><label for=\"forminator-field-name-1_69e16e5ea2067\" id=\"forminator-field-name-1_69e16e5ea2067-label\" class=\"forminator-label\">Nom de Famille <span class=\"forminator-required\">*<\/span><\/label><input type=\"text\" name=\"name-1\" value=\"\" placeholder=\"\" id=\"forminator-field-name-1_69e16e5ea2067\" class=\"forminator-input forminator-name--field\" aria-required=\"true\" autocomplete=\"name\" \/><\/div><\/div><\/div><div class=\"forminator-row\"><div id=\"email-1\" class=\"forminator-field-email forminator-col forminator-col-12 \"><div class=\"forminator-field\"><label for=\"forminator-field-email-1_69e16e5ea2067\" id=\"forminator-field-email-1_69e16e5ea2067-label\" class=\"forminator-label\">Adresse de messagerie <span class=\"forminator-required\">*<\/span><\/label><input type=\"email\" name=\"email-1\" value=\"\" placeholder=\"Par exemple\u00a0: jacques@martin.com\" id=\"forminator-field-email-1_69e16e5ea2067\" class=\"forminator-input forminator-email--field\" data-required=\"1\" aria-required=\"true\" autocomplete=\"email\" \/><\/div><\/div><\/div><div class=\"forminator-row\"><div id=\"radio-1\" class=\"forminator-field-radio forminator-col forminator-col-12 \"><div role=\"radiogroup\" class=\"forminator-field\" aria-labelledby=\"forminator-radiogroup-radio-1-69e16e5ea2067-label\"><span id=\"forminator-radiogroup-radio-1-69e16e5ea2067-label\" class=\"forminator-label\">Pensez-vous judicieux et justifi\u00e9 de modifier les horaires scolaires afin d&#039;\u00e9largir la pause m\u00e9ridienne ? <span class=\"forminator-required\">*<\/span><\/span><label id=\"forminator-field-radio-1-label-1\" for=\"forminator-field-radio-1-1-69e16e5ea2067\" class=\"forminator-radio\" title=\"Oui\"><input type=\"radio\" name=\"radio-1\" value=\"Oui\" id=\"forminator-field-radio-1-1-69e16e5ea2067\" aria-labelledby=\"forminator-field-radio-1-label-1\" data-calculation=\"0\"  \/><span class=\"forminator-radio-bullet\" aria-hidden=\"true\"><\/span><span class=\"forminator-radio-label\">Oui<\/span><\/label><label id=\"forminator-field-radio-1-label-2\" for=\"forminator-field-radio-1-2-69e16e5ea2067\" class=\"forminator-radio\" title=\"Non\"><input type=\"radio\" name=\"radio-1\" value=\"Non\" id=\"forminator-field-radio-1-2-69e16e5ea2067\" aria-labelledby=\"forminator-field-radio-1-label-2\" data-calculation=\"0\"  \/><span class=\"forminator-radio-bullet\" aria-hidden=\"true\"><\/span><span class=\"forminator-radio-label\">Non<\/span><\/label><\/div><\/div><\/div><div class=\"forminator-row\"><div id=\"textarea-1\" class=\"forminator-field-textarea forminator-col forminator-col-12 \"><div class=\"forminator-field\"><label for=\"forminator-field-textarea-1_69e16e5ea2067\" id=\"forminator-field-textarea-1_69e16e5ea2067-label\" class=\"forminator-label\">N&#039;h\u00e9sitez pas \u00e0 nous faire part de vos remarques ci-dessous<\/label><textarea name=\"textarea-1\" placeholder=\"Saisissez votre message\u2026\" id=\"forminator-field-textarea-1_69e16e5ea2067\" class=\"forminator-textarea\" rows=\"6\" style=\"min-height:140px;\" maxlength=\"300\" ><\/textarea><span id=\"forminator-field-textarea-1_69e16e5ea2067-description\" class=\"forminator-description\"><span data-limit=\"300\" data-type=\"characters\" data-editor=\"\">0 \/ 300<\/span><\/span><\/div><\/div><\/div><input type=\"hidden\" name=\"referer_url\" value=\"\" \/><div class=\"forminator-row forminator-row-last\"><div class=\"forminator-col\"><div class=\"forminator-field\"><button class=\"forminator-button forminator-button-submit\">Valider<\/button><\/div><\/div><\/div><input type=\"hidden\" id=\"forminator_nonce\" name=\"forminator_nonce\" value=\"f2c85be0e2\" \/><input type=\"hidden\" name=\"_wp_http_referer\" value=\"\/index.php\/wp-json\/wp\/v2\/pages\/3042\" \/><input type=\"hidden\" name=\"form_id\" value=\"3041\"><input type=\"hidden\" name=\"page_id\" value=\"3042\"><input type=\"hidden\" name=\"form_type\" value=\"default\"><input type=\"hidden\" name=\"current_url\" value=\"https:\/\/thiers-sur-theve.fr\/index.php\/sondages-horaires-scolaires\/\"><input type=\"hidden\" name=\"render_id\" value=\"0\"><input type=\"hidden\" name=\"action\" value=\"forminator_submit_form_custom-forms\"><\/form><\/div>\n","protected":false},"excerpt":{"rendered":"<p>Madame, Monsieur,&nbsp; Afin que les \u00e9l\u00e8ves puissent gagner en s\u00e9r\u00e9nit\u00e9 et en confort durant la pause m\u00e9ridienne, nous souhaiterions mettre en place une nouvelle organisation qui supposerait modifier les horaires scolaires de mani\u00e8re \u00e0 \u00e9largir la coupure m\u00e9ridienne de 11h30 \u00e0 13h30. En cons\u00e9quence, les \u00e9l\u00e8ves auraient classe de 8h30 \u00e0 11h30 et de 13h30 [&hellip;]<\/p>\n","protected":false},"author":2,"featured_media":0,"parent":0,"menu_order":0,"comment_status":"closed","ping_status":"closed","template":"","meta":{"footnotes":""},"class_list":["post-3042","page","type-page","status-publish","hentry"],"_links":{"self":[{"href":"https:\/\/thiers-sur-theve.fr\/index.php\/wp-json\/wp\/v2\/pages\/3042","targetHints":{"allow":["GET"]}}],"collection":[{"href":"https:\/\/thiers-sur-theve.fr\/index.php\/wp-json\/wp\/v2\/pages"}],"about":[{"href":"https:\/\/thiers-sur-theve.fr\/index.php\/wp-json\/wp\/v2\/types\/page"}],"author":[{"embeddable":true,"href":"https:\/\/thiers-sur-theve.fr\/index.php\/wp-json\/wp\/v2\/users\/2"}],"replies":[{"embeddable":true,"href":"https:\/\/thiers-sur-theve.fr\/index.php\/wp-json\/wp\/v2\/comments?post=3042"}],"version-history":[{"count":0,"href":"https:\/\/thiers-sur-theve.fr\/index.php\/wp-json\/wp\/v2\/pages\/3042\/revisions"}],"wp:attachment":[{"href":"https:\/\/thiers-sur-theve.fr\/index.php\/wp-json\/wp\/v2\/media?parent=3042"}],"curies":[{"name":"wp","href":"https:\/\/api.w.org\/{rel}","templated":true}]}}