{"id":4985,"date":"2026-05-09T00:47:09","date_gmt":"2026-05-08T22:47:09","guid":{"rendered":"https:\/\/thiers-sur-theve.fr\/?page_id=4985"},"modified":"2026-05-10T00:23:00","modified_gmt":"2026-05-09T22:23:00","slug":"le-conseil-municipal","status":"publish","type":"page","link":"https:\/\/thiers-sur-theve.fr\/index.php\/le-conseil-municipal\/","title":{"rendered":"Le Conseil Municipal"},"content":{"rendered":"\n<div class=\"wp-block-group is-vertical is-layout-flex wp-container-core-group-is-layout-8cf370e7 wp-block-group-is-layout-flex\">\n<h2 class=\"wp-block-heading\">Maire<\/h2>\n\n\n\n<p>Carole TRACA<\/p>\n\n\n\n<hr class=\"wp-block-separator has-alpha-channel-opacity\"\/>\n<\/div>\n\n\n\n<div class=\"wp-block-group is-vertical is-layout-flex wp-container-core-group-is-layout-8cf370e7 wp-block-group-is-layout-flex\">\n<p><\/p>\n\n\n\n<h2 class=\"wp-block-heading\">Adjoints<\/h2>\n\n\n\n<p>La\u00ebtitia TAINE<\/p>\n\n\n\n<p>Mathieu GUGLIERI<\/p>\n\n\n\n<p>Florence KERNEL<\/p>\n\n\n\n<hr class=\"wp-block-separator has-alpha-channel-opacity\"\/>\n<\/div>\n\n\n\n<div class=\"wp-block-group is-vertical is-layout-flex wp-container-core-group-is-layout-8cf370e7 wp-block-group-is-layout-flex\">\n<p><\/p>\n\n\n\n<h2 class=\"wp-block-heading\">Conseillers<\/h2>\n\n\n\n<p>Christian  MIQUEL<\/p>\n\n\n\n<p>Philippe TRACA<\/p>\n\n\n\n<p>Huguette CAUMARTIN<\/p>\n\n\n\n<p>Valentin WITROWIEZ<\/p>\n\n\n\n<p>Micheline DURLOT<\/p>\n\n\n\n<p>S\u00e9bastien BENSA<\/p>\n\n\n\n<p>Michelle BRAYETTE<\/p>\n\n\n\n<p>S\u00e9bastien B\u00d6HM<\/p>\n\n\n\n<p>Oph\u00e9lie LESCOUET KERNEL<\/p>\n\n\n\n<p>Didier JEUDON<\/p>\n\n\n\n<p>Marie-Annik AMBULANT<\/p>\n\n\n\n<hr class=\"wp-block-separator has-alpha-channel-opacity\"\/>\n<\/div>\n\n\n\n<p><\/p>\n\n\n\n<p><\/p>\n","protected":false},"excerpt":{"rendered":"<p>Maire Carole TRACA Adjoints La\u00ebtitia TAINE Mathieu GUGLIERI Florence KERNEL Conseillers Christian MIQUEL Philippe TRACA Huguette CAUMARTIN Valentin WITROWIEZ Micheline DURLOT S\u00e9bastien BENSA Michelle BRAYETTE S\u00e9bastien B\u00d6HM Oph\u00e9lie LESCOUET KERNEL Didier JEUDON Marie-Annik AMBULANT<\/p>\n","protected":false},"author":7,"featured_media":0,"parent":0,"menu_order":0,"comment_status":"closed","ping_status":"closed","template":"","meta":{"footnotes":""},"class_list":["post-4985","page","type-page","status-publish","hentry"],"_links":{"self":[{"href":"https:\/\/thiers-sur-theve.fr\/index.php\/wp-json\/wp\/v2\/pages\/4985","targetHints":{"allow":["GET"]}}],"collection":[{"href":"https:\/\/thiers-sur-theve.fr\/index.php\/wp-json\/wp\/v2\/pages"}],"about":[{"href":"https:\/\/thiers-sur-theve.fr\/index.php\/wp-json\/wp\/v2\/types\/page"}],"author":[{"embeddable":true,"href":"https:\/\/thiers-sur-theve.fr\/index.php\/wp-json\/wp\/v2\/users\/7"}],"replies":[{"embeddable":true,"href":"https:\/\/thiers-sur-theve.fr\/index.php\/wp-json\/wp\/v2\/comments?post=4985"}],"version-history":[{"count":0,"href":"https:\/\/thiers-sur-theve.fr\/index.php\/wp-json\/wp\/v2\/pages\/4985\/revisions"}],"wp:attachment":[{"href":"https:\/\/thiers-sur-theve.fr\/index.php\/wp-json\/wp\/v2\/media?parent=4985"}],"curies":[{"name":"wp","href":"https:\/\/api.w.org\/{rel}","templated":true}]}}