{"id":5003,"date":"2026-05-09T01:02:29","date_gmt":"2026-05-08T23:02:29","guid":{"rendered":"https:\/\/thiers-sur-theve.fr\/?page_id=5003"},"modified":"2026-05-10T00:24:22","modified_gmt":"2026-05-09T22:24:22","slug":"contact","status":"publish","type":"page","link":"https:\/\/thiers-sur-theve.fr\/index.php\/contact\/","title":{"rendered":"Contact"},"content":{"rendered":"\n<h2 class=\"wp-block-heading\">Horaires d&rsquo;ouverture de la mairie au public<\/h2>\n\n\n\n<figure class=\"wp-block-table aligncenter is-style-regular has-small-font-size\"><table><thead><tr><th class=\"has-text-align-center\" data-align=\"center\"><\/th><th class=\"has-text-align-center\" data-align=\"center\">LUNDI<\/th><th class=\"has-text-align-center\" data-align=\"center\">MARDI<\/th><th class=\"has-text-align-center\" data-align=\"center\">MERCREDI<\/th><th class=\"has-text-align-center\" data-align=\"center\">JEUDI<\/th><th class=\"has-text-align-center\" data-align=\"center\">VENDREDI<\/th><th class=\"has-text-align-center\" data-align=\"center\">SAMEDI<\/th><\/tr><\/thead><tbody><tr><td class=\"has-text-align-center\" data-align=\"center\"><strong>MATIN<\/strong><br>9H00 &#8211; 12H00<\/td><td class=\"has-text-align-center\" data-align=\"center\">Ouvert<\/td><td class=\"has-text-align-center\" data-align=\"center\">Ouvert<\/td><td class=\"has-text-align-center\" data-align=\"center\">Ouvert<\/td><td class=\"has-text-align-center\" data-align=\"center\">Ouvert<\/td><td class=\"has-text-align-center\" data-align=\"center\">Ferm\u00e9<\/td><td class=\"has-text-align-center\" data-align=\"center\">Ouvert<\/td><\/tr><tr><td class=\"has-text-align-center\" data-align=\"center\"><strong>APR\u00c8S-MIDI<\/strong><br>14H00 &#8211; 18H30<\/td><td class=\"has-text-align-center\" data-align=\"center\">Ouvert<\/td><td class=\"has-text-align-center\" data-align=\"center\">Ouvert<\/td><td class=\"has-text-align-center\" data-align=\"center\">Ouvert jusqu&rsquo;\u00e0<br>17H00<\/td><td class=\"has-text-align-center\" data-align=\"center\">Ouvert<\/td><td class=\"has-text-align-center\" data-align=\"center\">Ferm\u00e9<\/td><td class=\"has-text-align-center\" data-align=\"center\">Ferm\u00e9<\/td><\/tr><\/tbody><\/table><\/figure>\n\n\n\n<hr class=\"wp-block-separator has-alpha-channel-opacity\"\/>\n\n\n\n<h2 class=\"wp-block-heading\">Mairie de Thiers Sur Th\u00e8ve<\/h2>\n\n\n\n<p>1 rue du G\u00e9n\u00e9ral Leclerc<br>60520 Thiers Sur Th\u00e8ve<\/p>\n\n\n\n<p>T\u00e9l\u00e9phone : 03.44.54.62.59<br>E-mail : mairie@thiers-sur-theve.fr<\/p>\n\n\n\n<p>Pour d\u00e9poser vos demandes d\u2019urbanisme : urbanisme@thiers-sur-theve.fr<\/p>\n","protected":false},"excerpt":{"rendered":"<p>Horaires d&rsquo;ouverture de la mairie au public LUNDI MARDI MERCREDI JEUDI VENDREDI SAMEDI MATIN9H00 &#8211; 12H00 Ouvert Ouvert Ouvert Ouvert Ferm\u00e9 Ouvert APR\u00c8S-MIDI14H00 &#8211; 18H30 Ouvert Ouvert Ouvert jusqu&rsquo;\u00e017H00 Ouvert Ferm\u00e9 Ferm\u00e9 Mairie de Thiers Sur Th\u00e8ve 1 rue du G\u00e9n\u00e9ral Leclerc60520 Thiers Sur Th\u00e8ve T\u00e9l\u00e9phone : 03.44.54.62.59E-mail : mairie@thiers-sur-theve.fr Pour d\u00e9poser vos demandes d\u2019urbanisme &hellip; <\/p>\n<p class=\"link-more\"><a href=\"https:\/\/thiers-sur-theve.fr\/index.php\/contact\/\" class=\"more-link\">Continuer la lecture<span class=\"screen-reader-text\"> de &laquo;&nbsp;Contact&nbsp;&raquo;<\/span><\/a><\/p>\n","protected":false},"author":7,"featured_media":0,"parent":0,"menu_order":0,"comment_status":"closed","ping_status":"closed","template":"","meta":{"footnotes":""},"class_list":["post-5003","page","type-page","status-publish","hentry"],"_links":{"self":[{"href":"https:\/\/thiers-sur-theve.fr\/index.php\/wp-json\/wp\/v2\/pages\/5003","targetHints":{"allow":["GET"]}}],"collection":[{"href":"https:\/\/thiers-sur-theve.fr\/index.php\/wp-json\/wp\/v2\/pages"}],"about":[{"href":"https:\/\/thiers-sur-theve.fr\/index.php\/wp-json\/wp\/v2\/types\/page"}],"author":[{"embeddable":true,"href":"https:\/\/thiers-sur-theve.fr\/index.php\/wp-json\/wp\/v2\/users\/7"}],"replies":[{"embeddable":true,"href":"https:\/\/thiers-sur-theve.fr\/index.php\/wp-json\/wp\/v2\/comments?post=5003"}],"version-history":[{"count":0,"href":"https:\/\/thiers-sur-theve.fr\/index.php\/wp-json\/wp\/v2\/pages\/5003\/revisions"}],"wp:attachment":[{"href":"https:\/\/thiers-sur-theve.fr\/index.php\/wp-json\/wp\/v2\/media?parent=5003"}],"curies":[{"name":"wp","href":"https:\/\/api.w.org\/{rel}","templated":true}]}}