{"id":5005,"date":"2026-05-09T01:02:29","date_gmt":"2026-05-08T23:02:29","guid":{"rendered":"https:\/\/thiers-sur-theve.fr\/?page_id=5005"},"modified":"2026-05-12T10:32:54","modified_gmt":"2026-05-12T08:32:54","slug":"demarches","status":"publish","type":"page","link":"https:\/\/thiers-sur-theve.fr\/index.php\/demarches\/","title":{"rendered":"D\u00e9marches"},"content":{"rendered":"\n<blockquote class=\"wp-block-quote is-layout-flow wp-block-quote-is-layout-flow\">\n<figure class=\"wp-block-pullquote\"><blockquote><p>Depuis 2012, le Gouvernement oeuvre \u00e0 la d\u00e9mat\u00e9rialisation compl\u00e8te des d\u00e9marches. <br><br>Vous trouverez ci-dessous les liens vers les diverses d\u00e9marches administratives.<\/p><cite><a href=\"https:\/\/www.modernisation.gouv.fr\/ameliorer-lefficacite-des-services-publics\/acces-aux-services-publics\/demarches-en-ligne\">https:\/\/www.modernisation.gouv.fr\/ameliorer-lefficacite-des-services-publics\/acces-aux-services-publics\/demarches-en-ligne<\/a><\/cite><\/blockquote><\/figure>\n<\/blockquote>\n\n\n\n<div class=\"wp-block-group is-vertical is-layout-flex wp-container-core-group-is-layout-8cf370e7 wp-block-group-is-layout-flex\">\n<p><\/p>\n\n\n\n<h2 class=\"wp-block-heading\">Carte d\u2019identit\u00e9<\/h2>\n\n\n\n<p><a href=\"https:\/\/www.service-public.gouv.fr\/particuliers\/vosdroits\/N358\">https:\/\/www.service-public.gouv.fr\/particuliers\/vosdroits\/N358<\/a><\/p>\n\n\n\n<hr class=\"wp-block-separator has-alpha-channel-opacity\"\/>\n<\/div>\n\n\n\n<div class=\"wp-block-group is-vertical is-layout-flex wp-container-core-group-is-layout-8cf370e7 wp-block-group-is-layout-flex\">\n<p><\/p>\n\n\n\n<h2 class=\"wp-block-heading\">Passeport<\/h2>\n\n\n\n<p><a href=\"https:\/\/www.service-public.gouv.fr\/particuliers\/vosdroits\/N360\">https:\/\/www.service-public.gouv.fr\/particuliers\/vosdroits\/N360<\/a><\/p>\n\n\n\n<hr class=\"wp-block-separator has-alpha-channel-opacity\"\/>\n<\/div>\n\n\n\n<div class=\"wp-block-group is-vertical is-layout-flex wp-container-core-group-is-layout-8cf370e7 wp-block-group-is-layout-flex\">\n<p><\/p>\n\n\n\n<h2 class=\"wp-block-heading\">Carte grise<\/h2>\n\n\n\n<p><a href=\"https:\/\/www.service-public.gouv.fr\/particuliers\/vosdroits\/N367\">https:\/\/www.service-public.gouv.fr\/particuliers\/vosdroits\/N367<\/a><\/p>\n\n\n\n<hr class=\"wp-block-separator has-alpha-channel-opacity\"\/>\n<\/div>\n\n\n\n<div class=\"wp-block-group is-vertical is-layout-flex wp-container-core-group-is-layout-8cf370e7 wp-block-group-is-layout-flex\">\n<p><\/p>\n\n\n\n<h2 class=\"wp-block-heading\">Permis de conduire<\/h2>\n\n\n\n<p><a href=\"https:\/\/www.service-public.gouv.fr\/particuliers\/vosdroits\/N530\">https:\/\/www.service-public.gouv.fr\/particuliers\/vosdroits\/N530<\/a><\/p>\n\n\n\n<hr class=\"wp-block-separator has-alpha-channel-opacity\"\/>\n<\/div>\n\n\n\n<div class=\"wp-block-group is-vertical is-layout-flex wp-container-core-group-is-layout-8cf370e7 wp-block-group-is-layout-flex\">\n<p><\/p>\n\n\n\n<h2 class=\"wp-block-heading\">Carte \u00e9lectorale<\/h2>\n\n\n\n<p><a href=\"https:\/\/www.service-public.gouv.fr\/particuliers\/vosdroits\/N47\">https:\/\/www.service-public.gouv.fr\/particuliers\/vosdroits\/N47<\/a><\/p>\n\n\n\n<hr class=\"wp-block-separator has-alpha-channel-opacity\"\/>\n<\/div>\n\n\n\n<div class=\"wp-block-group is-vertical is-layout-flex wp-container-core-group-is-layout-8cf370e7 wp-block-group-is-layout-flex\">\n<p><\/p>\n\n\n\n<h2 class=\"wp-block-heading\">Demande d\u2019extrait de casier judiciaire<\/h2>\n\n\n\n<p><a href=\"https:\/\/www.service-public.gouv.fr\/particuliers\/vosdroits\/F1420\">https:\/\/www.service-public.gouv.fr\/particuliers\/vosdroits\/F1420<\/a><\/p>\n\n\n\n<hr class=\"wp-block-separator has-alpha-channel-opacity\"\/>\n<\/div>\n\n\n\n<div class=\"wp-block-group is-vertical is-layout-flex wp-container-core-group-is-layout-8cf370e7 wp-block-group-is-layout-flex\">\n<p><\/p>\n\n\n\n<h2 class=\"wp-block-heading\">Carte d\u2019assur\u00e9 social<\/h2>\n\n\n\n<p><a href=\"https:\/\/www.service-public.gouv.fr\/particuliers\/vosdroits\/N19811\">https:\/\/www.service-public.gouv.fr\/particuliers\/vosdroits\/N19811<\/a><\/p>\n\n\n\n<hr class=\"wp-block-separator has-alpha-channel-opacity\"\/>\n<\/div>\n\n\n\n<p><\/p>\n","protected":false},"excerpt":{"rendered":"<p>Depuis 2012, le Gouvernement oeuvre \u00e0 la d\u00e9mat\u00e9rialisation compl\u00e8te des d\u00e9marches. Vous trouverez ci-dessous les liens vers les diverses d\u00e9marches administratives. https:\/\/www.modernisation.gouv.fr\/ameliorer-lefficacite-des-services-publics\/acces-aux-services-publics\/demarches-en-ligne Carte d\u2019identit\u00e9 https:\/\/www.service-public.gouv.fr\/particuliers\/vosdroits\/N358 Passeport https:\/\/www.service-public.gouv.fr\/particuliers\/vosdroits\/N360 Carte grise https:\/\/www.service-public.gouv.fr\/particuliers\/vosdroits\/N367 Permis de conduire https:\/\/www.service-public.gouv.fr\/particuliers\/vosdroits\/N530 Carte \u00e9lectorale https:\/\/www.service-public.gouv.fr\/particuliers\/vosdroits\/N47 Demande d\u2019extrait de casier judiciaire https:\/\/www.service-public.gouv.fr\/particuliers\/vosdroits\/F1420 Carte d\u2019assur\u00e9 social https:\/\/www.service-public.gouv.fr\/particuliers\/vosdroits\/N19811<\/p>\n","protected":false},"author":7,"featured_media":0,"parent":0,"menu_order":0,"comment_status":"closed","ping_status":"closed","template":"","meta":{"footnotes":""},"class_list":["post-5005","page","type-page","status-publish","hentry"],"_links":{"self":[{"href":"https:\/\/thiers-sur-theve.fr\/index.php\/wp-json\/wp\/v2\/pages\/5005","targetHints":{"allow":["GET"]}}],"collection":[{"href":"https:\/\/thiers-sur-theve.fr\/index.php\/wp-json\/wp\/v2\/pages"}],"about":[{"href":"https:\/\/thiers-sur-theve.fr\/index.php\/wp-json\/wp\/v2\/types\/page"}],"author":[{"embeddable":true,"href":"https:\/\/thiers-sur-theve.fr\/index.php\/wp-json\/wp\/v2\/users\/7"}],"replies":[{"embeddable":true,"href":"https:\/\/thiers-sur-theve.fr\/index.php\/wp-json\/wp\/v2\/comments?post=5005"}],"version-history":[{"count":0,"href":"https:\/\/thiers-sur-theve.fr\/index.php\/wp-json\/wp\/v2\/pages\/5005\/revisions"}],"wp:attachment":[{"href":"https:\/\/thiers-sur-theve.fr\/index.php\/wp-json\/wp\/v2\/media?parent=5005"}],"curies":[{"name":"wp","href":"https:\/\/api.w.org\/{rel}","templated":true}]}}