{"id":5037,"date":"2026-05-09T12:47:34","date_gmt":"2026-05-09T10:47:34","guid":{"rendered":"https:\/\/thiers-sur-theve.fr\/?page_id=5037"},"modified":"2026-05-09T12:50:01","modified_gmt":"2026-05-09T10:50:01","slug":"urbanisme","status":"publish","type":"page","link":"https:\/\/thiers-sur-theve.fr\/index.php\/urbanisme\/","title":{"rendered":"Urbanisme"},"content":{"rendered":"\n<figure class=\"wp-block-pullquote\"><blockquote><p>Pour d\u00e9poser vos demandes d\u2019urbanisme : <\/p><cite>urbanisme@thiers-sur-theve.fr<\/cite><\/blockquote><\/figure>\n\n\n\n<h1 class=\"wp-block-heading\">Le Plan Local d&rsquo;Urbanisme<\/h1>\n\n\n\n<div class=\"wp-block-group is-vertical is-layout-flex wp-container-core-group-is-layout-8cf370e7 wp-block-group-is-layout-flex\">\n<p><\/p>\n\n\n\n<h2 class=\"wp-block-heading\">Sommaire<\/h2>\n\n\n\n<p><a href=\"https:\/\/thiers-sur-theve.fr\/wp-content\/uploads\/2026\/02\/Sommaire-dossier.pdf\">T\u00e9l\u00e9chargement<\/a><\/p>\n\n\n\n<hr class=\"wp-block-separator has-alpha-channel-opacity\"\/>\n<\/div>\n\n\n\n<div class=\"wp-block-group is-vertical is-layout-flex wp-container-core-group-is-layout-8cf370e7 wp-block-group-is-layout-flex\">\n<p><\/p>\n\n\n\n<h2 class=\"wp-block-heading\">0 &#8211; Actes administratifs<\/h2>\n\n\n\n<p><a href=\"https:\/\/thiers-sur-theve.fr\/wp-content\/uploads\/2026\/02\/0-Actes-administratifs.pdf\">T\u00e9l\u00e9chargement<\/a><\/p>\n\n\n\n<hr class=\"wp-block-separator has-alpha-channel-opacity\"\/>\n<\/div>\n\n\n\n<div class=\"wp-block-group is-vertical is-layout-flex wp-container-core-group-is-layout-8cf370e7 wp-block-group-is-layout-flex\">\n<p><\/p>\n\n\n\n<h2 class=\"wp-block-heading\">1 &#8211; Rapport de pr\u00e9sentation<\/h2>\n\n\n\n<p><a href=\"https:\/\/thiers-sur-theve.fr\/wp-content\/uploads\/2026\/02\/1-Rapport-de-presentation-1-70.pdf\">T\u00e9l\u00e9chargement \u2013 partie 1<\/a><\/p>\n\n\n\n<p><a href=\"https:\/\/thiers-sur-theve.fr\/wp-content\/uploads\/2026\/02\/1-Rapport-de-presentation-71-139.pdf\">T\u00e9l\u00e9chargement \u2013 Partie 2<\/a><\/p>\n\n\n\n<hr class=\"wp-block-separator has-alpha-channel-opacity\"\/>\n<\/div>\n\n\n\n<div class=\"wp-block-group is-vertical is-layout-flex wp-container-core-group-is-layout-8cf370e7 wp-block-group-is-layout-flex\">\n<p><\/p>\n\n\n\n<h2 class=\"wp-block-heading\">1bis &#8211; \u00c9valuation Environnementale<\/h2>\n\n\n\n<p><a href=\"https:\/\/thiers-sur-theve.fr\/wp-content\/uploads\/2025\/02\/1b-Rapport-Evaluation-environnementale-PLU-Thiers_sur_Theve.pdf\">T\u00e9l\u00e9chargement<\/a><\/p>\n\n\n\n<p><a href=\"https:\/\/thiers-sur-theve.fr\/wp-content\/uploads\/2025\/02\/1b-annexes.zip\">Annexes<\/a><\/p>\n\n\n\n<hr class=\"wp-block-separator has-alpha-channel-opacity\"\/>\n<\/div>\n\n\n\n<div class=\"wp-block-group is-vertical is-layout-flex wp-container-core-group-is-layout-8cf370e7 wp-block-group-is-layout-flex\">\n<p><\/p>\n\n\n\n<h2 class=\"wp-block-heading\">1ter &#8211; R\u00e9sum\u00e9 non technique<\/h2>\n\n\n\n<p><a href=\"https:\/\/thiers-sur-theve.fr\/wp-content\/uploads\/2026\/02\/1ter-Re\u00a6usume\u00a6u-non-technique.pdf\">T\u00e9l\u00e9chargement<\/a><\/p>\n\n\n\n<hr class=\"wp-block-separator has-alpha-channel-opacity\"\/>\n<\/div>\n\n\n\n<div class=\"wp-block-group is-vertical is-layout-flex wp-container-core-group-is-layout-8cf370e7 wp-block-group-is-layout-flex\">\n<p><\/p>\n\n\n\n<h2 class=\"wp-block-heading\">2 &#8211; Projets d&rsquo;Am\u00e9nagement et de D\u00e9veloppement Durable (PADD)<\/h2>\n\n\n\n<p><a href=\"https:\/\/thiers-sur-theve.fr\/wp-content\/uploads\/2026\/02\/2-Projet-dAme\u00a6unagement-et-de-De\u00a6uveloppement-Durables-PADD.pdf\">T\u00e9l\u00e9chargement<\/a><\/p>\n\n\n\n<hr class=\"wp-block-separator has-alpha-channel-opacity\"\/>\n<\/div>\n\n\n\n<div class=\"wp-block-group is-vertical is-layout-flex wp-container-core-group-is-layout-8cf370e7 wp-block-group-is-layout-flex\">\n<p><\/p>\n\n\n\n<h2 class=\"wp-block-heading\">3 &#8211; Orientations d&rsquo;Am\u00e9nagement et de Programmation (OAP)<\/h2>\n\n\n\n<p><a href=\"https:\/\/thiers-sur-theve.fr\/wp-content\/uploads\/2025\/02\/3-Orientations-dAmenagement-et-de-Programmation-OAP.pdf\">T\u00e9l\u00e9chargement<\/a><\/p>\n\n\n\n<hr class=\"wp-block-separator has-alpha-channel-opacity\"\/>\n<\/div>\n\n\n\n<div class=\"wp-block-group is-vertical is-layout-flex wp-container-core-group-is-layout-8cf370e7 wp-block-group-is-layout-flex\">\n<p><\/p>\n\n\n\n<h2 class=\"wp-block-heading\">4a &#8211; R\u00e8glement Graphique<\/h2>\n\n\n\n<p>Plan (1\/5000) : <a href=\"https:\/\/thiers-sur-theve.fr\/wp-content\/uploads\/2026\/02\/4a-Re\u00a6Cglement-graphique-plan-au-1-5000e.pdf\">T\u00e9l\u00e9chargement<\/a><\/p>\n\n\n\n<hr class=\"wp-block-separator has-alpha-channel-opacity\"\/>\n<\/div>\n\n\n\n<div class=\"wp-block-group is-vertical is-layout-flex wp-container-core-group-is-layout-8cf370e7 wp-block-group-is-layout-flex\">\n<p><\/p>\n\n\n\n<h2 class=\"wp-block-heading\">4b &#8211; R\u00e8glement Graphique <\/h2>\n\n\n\n<p>Plan (1\/2000) : <a href=\"https:\/\/thiers-sur-theve.fr\/wp-content\/uploads\/2026\/02\/4b-Re\u00a6Cglement-graphique-plan-au-1-2000e.pdf\">T\u00e9l\u00e9chargement<\/a><\/p>\n\n\n\n<hr class=\"wp-block-separator has-alpha-channel-opacity\"\/>\n<\/div>\n\n\n\n<div class=\"wp-block-group is-vertical is-layout-flex wp-container-core-group-is-layout-8cf370e7 wp-block-group-is-layout-flex\">\n<p><\/p>\n\n\n\n<h2 class=\"wp-block-heading\">4c &#8211; R\u00e8glement \u00c9crit<\/h2>\n\n\n\n<p><a href=\"https:\/\/thiers-sur-theve.fr\/wp-content\/uploads\/2026\/02\/4c-Re\u00a6Cglement-e\u00a6ucrit.pdf\">T\u00e9l\u00e9chargement<\/a><\/p>\n\n\n\n<hr class=\"wp-block-separator has-alpha-channel-opacity\"\/>\n<\/div>\n\n\n\n<div class=\"wp-block-group is-vertical is-layout-flex wp-container-core-group-is-layout-8cf370e7 wp-block-group-is-layout-flex\">\n<p><\/p>\n\n\n\n<h2 class=\"wp-block-heading\">4d &#8211; Emplacements R\u00e9serv\u00e9s<\/h2>\n\n\n\n<p><a href=\"https:\/\/thiers-sur-theve.fr\/wp-content\/uploads\/2026\/02\/4d-Emplacements-re\u00a6userve\u00a6us.pdf\">T\u00e9l\u00e9chargement<\/a><\/p>\n\n\n\n<hr class=\"wp-block-separator has-alpha-channel-opacity\"\/>\n<\/div>\n\n\n\n<h1 class=\"wp-block-heading\"><\/h1>\n\n\n\n<h1 class=\"wp-block-heading\">Annexes<\/h1>\n\n\n\n<div class=\"wp-block-group is-vertical is-layout-flex wp-container-core-group-is-layout-8cf370e7 wp-block-group-is-layout-flex\">\n<p><\/p>\n\n\n\n<h2 class=\"wp-block-heading\">5 &#8211; Sanitaires<\/h2>\n\n\n\n<p><a href=\"https:\/\/thiers-sur-theve.fr\/wp-content\/uploads\/2026\/02\/5-Annexes-sanitaires.pdf\">T\u00e9l\u00e9chargement<\/a><\/p>\n\n\n\n<hr class=\"wp-block-separator has-alpha-channel-opacity\"\/>\n<\/div>\n\n\n\n<div class=\"wp-block-group is-vertical is-layout-flex wp-container-core-group-is-layout-8cf370e7 wp-block-group-is-layout-flex\">\n<p><\/p>\n\n\n\n<h2 class=\"wp-block-heading\">6 &#8211; Servitudes d&rsquo;Utilit\u00e9 Publique<\/h2>\n\n\n\n<p><a href=\"https:\/\/thiers-sur-theve.fr\/wp-content\/uploads\/2026\/02\/6-Annexes-des-servitudes-dutilite-publique.pdf\">T\u00e9l\u00e9chargement<\/a><\/p>\n\n\n\n<p>Plan : <a href=\"https:\/\/thiers-sur-theve.fr\/wp-content\/uploads\/2026\/02\/6b-Plan-des-servitudes-dutilite\u00a6u-publique.pdf\">T\u00e9l\u00e9chargement<\/a><\/p>\n\n\n\n<hr class=\"wp-block-separator has-alpha-channel-opacity\"\/>\n<\/div>\n\n\n\n<div class=\"wp-block-group is-vertical is-layout-flex wp-container-core-group-is-layout-8cf370e7 wp-block-group-is-layout-flex\">\n<p><\/p>\n\n\n\n<h2 class=\"wp-block-heading\">7 &#8211; Informations Jug\u00e9es Utiles<\/h2>\n\n\n\n<p><a href=\"https:\/\/thiers-sur-theve.fr\/wp-content\/uploads\/2026\/02\/7-Annexes-des-informations-jugees-utiles.pdf\">T\u00e9l\u00e9chargement<\/a><\/p>\n\n\n\n<hr class=\"wp-block-separator has-alpha-channel-opacity\"\/>\n<\/div>\n\n\n\n<div class=\"wp-block-group is-vertical is-layout-flex wp-container-core-group-is-layout-8cf370e7 wp-block-group-is-layout-flex\">\n<p><\/p>\n\n\n\n<h2 class=\"wp-block-heading\">8 &#8211; Nuisances Acoustiques<\/h2>\n\n\n\n<p><a href=\"https:\/\/thiers-sur-theve.fr\/wp-content\/uploads\/2026\/02\/8-Notice-nuisances-acoustiques.pdf\">T\u00e9l\u00e9chargement<\/a><\/p>\n\n\n\n<p>Plan : <a href=\"https:\/\/thiers-sur-theve.fr\/wp-content\/uploads\/2026\/02\/8b-Plan-des-nuisances-acoustiques.pdf\">T\u00e9l\u00e9chargement<\/a><\/p>\n\n\n\n<hr class=\"wp-block-separator has-alpha-channel-opacity\"\/>\n<\/div>\n\n\n\n<div class=\"wp-block-group is-vertical is-layout-flex wp-container-core-group-is-layout-8cf370e7 wp-block-group-is-layout-flex\">\n<p><\/p>\n\n\n\n<h2 class=\"wp-block-heading\">9 &#8211; Avis des Personnes Publiques<\/h2>\n\n\n\n<p><a href=\"https:\/\/thiers-sur-theve.fr\/wp-content\/uploads\/2025\/02\/9-Avis-des-personnes-publiques-et-regponses-proposeges.pdf\">T\u00e9l\u00e9chargement<\/a><\/p>\n\n\n\n<hr class=\"wp-block-separator has-alpha-channel-opacity\"\/>\n<\/div>\n\n\n\n<h1 class=\"wp-block-heading\"><\/h1>\n\n\n\n<h1 class=\"wp-block-heading\">Rapport de l&rsquo;Enqu\u00eate Publique<\/h1>\n\n\n\n<div class=\"wp-block-group is-vertical is-layout-flex wp-container-core-group-is-layout-8cf370e7 wp-block-group-is-layout-flex\">\n<p><\/p>\n\n\n\n<h2 class=\"wp-block-heading\">1 &#8211; Rapport<\/h2>\n\n\n\n<p><a href=\"https:\/\/thiers-sur-theve.fr\/wp-content\/uploads\/2025\/04\/1-THIERS-SUR-THEVE-RAPPORT.pdf\">T\u00e9l\u00e9chargement<\/a><\/p>\n\n\n\n<hr class=\"wp-block-separator has-alpha-channel-opacity\"\/>\n<\/div>\n\n\n\n<div class=\"wp-block-group is-vertical is-layout-flex wp-container-core-group-is-layout-8cf370e7 wp-block-group-is-layout-flex\">\n<p><\/p>\n\n\n\n<h2 class=\"wp-block-heading\">2 &#8211; PV des Observations<\/h2>\n\n\n\n<p><a href=\"https:\/\/thiers-sur-theve.fr\/wp-content\/uploads\/2025\/04\/2-THIERS-SUR-THEVE-PV-des-observations.pdf\">T\u00e9l\u00e9chargement<\/a><br><a href=\"https:\/\/thiers-sur-theve.fr\/wp-content\/uploads\/2025\/04\/2-THIERS-SUR-THEVE-Pieces-Annexes.pdf\">Annexes<\/a><\/p>\n\n\n\n<hr class=\"wp-block-separator has-alpha-channel-opacity\"\/>\n<\/div>\n\n\n\n<div class=\"wp-block-group is-vertical is-layout-flex wp-container-core-group-is-layout-8cf370e7 wp-block-group-is-layout-flex\">\n<p><\/p>\n\n\n\n<h2 class=\"wp-block-heading\">3 &#8211; Conclusion et Avis<\/h2>\n\n\n\n<p><a href=\"https:\/\/thiers-sur-theve.fr\/wp-content\/uploads\/2025\/04\/3-THIERS-SUR-THEVE-Conclusion-et-avis.pdf\">T\u00e9l\u00e9chargement<\/a><\/p>\n\n\n\n<hr class=\"wp-block-separator has-alpha-channel-opacity\"\/>\n<\/div>\n\n\n\n<p><\/p>\n","protected":false},"excerpt":{"rendered":"<p>Pour d\u00e9poser vos demandes d\u2019urbanisme : urbanisme@thiers-sur-theve.fr Le Plan Local d&rsquo;Urbanisme Sommaire T\u00e9l\u00e9chargement 0 &#8211; Actes administratifs T\u00e9l\u00e9chargement 1 &#8211; Rapport de pr\u00e9sentation T\u00e9l\u00e9chargement \u2013 partie 1 T\u00e9l\u00e9chargement \u2013 Partie 2 1bis &#8211; \u00c9valuation Environnementale T\u00e9l\u00e9chargement Annexes 1ter &#8211; R\u00e9sum\u00e9 non technique T\u00e9l\u00e9chargement 2 &#8211; Projets d&rsquo;Am\u00e9nagement et de D\u00e9veloppement Durable (PADD) T\u00e9l\u00e9chargement 3 &#8211; &hellip; <\/p>\n<p class=\"link-more\"><a href=\"https:\/\/thiers-sur-theve.fr\/index.php\/urbanisme\/\" class=\"more-link\">Continuer la lecture<span class=\"screen-reader-text\"> de &laquo;&nbsp;Urbanisme&nbsp;&raquo;<\/span><\/a><\/p>\n","protected":false},"author":7,"featured_media":0,"parent":0,"menu_order":0,"comment_status":"closed","ping_status":"closed","template":"","meta":{"footnotes":""},"class_list":["post-5037","page","type-page","status-publish","hentry"],"_links":{"self":[{"href":"https:\/\/thiers-sur-theve.fr\/index.php\/wp-json\/wp\/v2\/pages\/5037","targetHints":{"allow":["GET"]}}],"collection":[{"href":"https:\/\/thiers-sur-theve.fr\/index.php\/wp-json\/wp\/v2\/pages"}],"about":[{"href":"https:\/\/thiers-sur-theve.fr\/index.php\/wp-json\/wp\/v2\/types\/page"}],"author":[{"embeddable":true,"href":"https:\/\/thiers-sur-theve.fr\/index.php\/wp-json\/wp\/v2\/users\/7"}],"replies":[{"embeddable":true,"href":"https:\/\/thiers-sur-theve.fr\/index.php\/wp-json\/wp\/v2\/comments?post=5037"}],"version-history":[{"count":0,"href":"https:\/\/thiers-sur-theve.fr\/index.php\/wp-json\/wp\/v2\/pages\/5037\/revisions"}],"wp:attachment":[{"href":"https:\/\/thiers-sur-theve.fr\/index.php\/wp-json\/wp\/v2\/media?parent=5037"}],"curies":[{"name":"wp","href":"https:\/\/api.w.org\/{rel}","templated":true}]}}