{"id":5044,"date":"2026-05-09T23:18:10","date_gmt":"2026-05-09T21:18:10","guid":{"rendered":"https:\/\/thiers-sur-theve.fr\/?page_id=5044"},"modified":"2026-05-10T00:07:04","modified_gmt":"2026-05-09T22:07:04","slug":"dechets","status":"publish","type":"page","link":"https:\/\/thiers-sur-theve.fr\/index.php\/dechets\/","title":{"rendered":"D\u00e9chets"},"content":{"rendered":"\n<div class=\"wp-block-group is-vertical is-layout-flex wp-container-core-group-is-layout-8cf370e7 wp-block-group-is-layout-flex\">\n<h2 class=\"wp-block-heading\">Calendrier de Collecte des D\u00e9chets 2026<\/h2>\n\n\n\n<p><a href=\"https:\/\/cc3f-my.sharepoint.com\/personal\/anne_coirier_ccsso_fr\/_layouts\/15\/onedrive.aspx?id=%2Fpersonal%2Fanne%5Fcoirier%5Fccsso%5Ffr%2FDocuments%2FDocuments%2FCommunication%2FAmbassadeur%20du%20tri%2FCollecte%20des%20D\u00e9chets%202026%20%2826%29%2Epdf&amp;parent=%2Fpersonal%2Fanne%5Fcoirier%5Fccsso%5Ffr%2FDocuments%2FDocuments%2FCommunication%2FAmbassadeur%20du%20tri&amp;ga=1\">Calendrier<\/a><\/p>\n\n\n\n<p><a href=\"https:\/\/ccsso.fr\/wp-content\/uploads\/2024\/10\/1-Reglement_de_collecte.pdf\">R\u00e8glement<\/a><\/p>\n\n\n\n<figure class=\"wp-block-image size-large\"><img loading=\"lazy\" decoding=\"async\" width=\"1024\" height=\"707\" src=\"https:\/\/thiers-sur-theve.fr\/wp-content\/uploads\/2026\/05\/image-1024x707.png\" alt=\"\" class=\"wp-image-5046\" style=\"object-fit:cover\" srcset=\"https:\/\/thiers-sur-theve.fr\/wp-content\/uploads\/2026\/05\/image-1024x707.png 1024w, https:\/\/thiers-sur-theve.fr\/wp-content\/uploads\/2026\/05\/image-300x207.png 300w, https:\/\/thiers-sur-theve.fr\/wp-content\/uploads\/2026\/05\/image-768x530.png 768w, https:\/\/thiers-sur-theve.fr\/wp-content\/uploads\/2026\/05\/image-1536x1060.png 1536w, https:\/\/thiers-sur-theve.fr\/wp-content\/uploads\/2026\/05\/image.png 1828w\" sizes=\"auto, (max-width: 767px) 89vw, (max-width: 1000px) 54vw, (max-width: 1071px) 543px, 580px\" \/><\/figure>\n\n\n\n<hr class=\"wp-block-separator has-alpha-channel-opacity\"\/>\n<\/div>\n\n\n\n<div class=\"wp-block-group is-vertical is-layout-flex wp-container-core-group-is-layout-8cf370e7 wp-block-group-is-layout-flex\">\n<p><\/p>\n\n\n\n<h2 class=\"wp-block-heading\">Recyclage<\/h2>\n\n\n\n<h4 class=\"wp-block-heading\">\u00c0 mettre dans le bac jaune<\/h4>\n\n\n\n<ul class=\"wp-block-list\">\n<li>Les papiers, journaux, magazines, prospectus, annuaires, livres et cartons vid\u00e9s de leur contenu<\/li>\n\n\n\n<li>Les briques alimentaires vid\u00e9es de leur contenu (lait, soupe, cr\u00e8me, jus de fruits&#8230;)<\/li>\n\n\n\n<li>Les bouteilles et flacons en plastique vid\u00e9s de leur contenu &#8211; accompagn\u00e9s de leurs bouchons &#8211; (lait, eau, soda, jus de fruits, huile v\u00e9g\u00e9tale, bidon de lessive, flacon de produit d\u2019hygi\u00e8ne, bouteille de shampoing, nettoyant m\u00e9nager&#8230;)<\/li>\n\n\n\n<li>Les bo\u00eetes d&rsquo;\u0153ufs, de fromage \/ rouleau d&rsquo;essuie-tout, de papier toilette&#8230; et suremballages en carton des yaourts, g\u00e2teaux&#8230; vid\u00e9s de leur contenu<\/li>\n\n\n\n<li>Les emballages en plastique vid\u00e9s de leur contenu (film plastique, barquette, polystyr\u00e8ne, pot de cr\u00e8me fraiche et yaourt, pot de fleurs en plastique&#8230;)<\/li>\n\n\n\n<li>Les bo\u00eetes m\u00e9talliques (chicor\u00e9e, th\u00e9, conserve&#8230;) et les canettes de boisson vid\u00e9es de leur contenu<\/li>\n\n\n\n<li>Les barquettes m\u00e9talliques vid\u00e9es de leur contenu (frites, compotes..)<\/li>\n\n\n\n<li>Les a\u00e9rosols et bouteilles m\u00e9talliques (mousse \u00e0 raser, d\u00e9odorant&#8230;)<\/li>\n\n\n\n<li>Les capsules de caf\u00e9 en aluminium<\/li>\n<\/ul>\n\n\n\n<h4 class=\"wp-block-heading\">\u00c0 ne pas mettre dans le bac jaune<\/h4>\n\n\n\n<ul class=\"wp-block-list\">\n<li>Les pots de fleurs en terre, les flacons ayant contenu des produits dangereux<\/li>\n\n\n\n<li>Les cartons souill\u00e9s<\/li>\n\n\n\n<li>Les d\u00e9chets en mati\u00e8re plastique qui ne sont pas des emballages (jouet\u2026,)<\/li>\n\n\n\n<li>Les papiers peints&nbsp;<br>Les papiers souill\u00e9s et autres papiers sp\u00e9ciaux (papier-cadeaux, papier carbone, papier autocollant)<\/li>\n\n\n\n<li>Les d\u00e9chets \u00e0 risque des professions de sant\u00e9 (aiguille, seringue,&#8230;)<\/li>\n<\/ul>\n\n\n\n<h4 class=\"wp-block-heading\">Pour bien recycler<\/h4>\n\n\n\n<ul class=\"wp-block-list\">\n<li>Mettez les d\u00e9chets en vrac dans le bac couvercle jaune&nbsp;<strong>(PAS DE SAC NOIR OU OPAQUE)<\/strong><\/li>\n\n\n\n<li>Ne pas laver les emballages<\/li>\n\n\n\n<li><strong>S\u00e9parez les mati\u00e8res<\/strong>&nbsp;quand elles sont diff\u00e9rentes (papier\/carton\/plastique)<\/li>\n\n\n\n<li><strong>Ne pas emboiter<\/strong>&nbsp;les d\u00e9chets<\/li>\n\n\n\n<li>Laissez les bouchons sur les bouteilles plastique<\/li>\n\n\n\n<li><strong>Ne pas d\u00e9couper ou d\u00e9chirer en petits morceaux<\/strong><\/li>\n\n\n\n<li>Sortez votre bac&nbsp;<strong>la veille au soir du jour de la collecte \u00e0 partir de 19h<\/strong><\/li>\n\n\n\n<li>Placez la&nbsp;<strong>poign\u00e9e<\/strong>&nbsp;<strong>du bac c\u00f4t\u00e9 route<\/strong><\/li>\n\n\n\n<li>Une fois la collecte effectu\u00e9e, rentrez-le le plus t\u00f4t possible afin de faciliter le passage des pi\u00e9tons<\/li>\n<\/ul>\n\n\n\n<h4 class=\"wp-block-heading\">Le Verre<\/h4>\n\n\n\n<p>Des bennes pour le recyclage du verre se situent sur le Chemin du Pl\u00e2tre pr\u00e8s du Chateau d&rsquo;Eau<\/p>\n\n\n\n<h4 class=\"wp-block-heading\">Les V\u00eatements<\/h4>\n\n\n\n<p>Des bennes pour le recyclages des v\u00eatements se situent sur le Chemin du Pl\u00e2tre pr\u00e8s du Chateau d&rsquo;Eau <\/p>\n\n\n\n<h4 class=\"wp-block-heading\">Les D\u00e9chetteries<\/h4>\n\n\n\n<p>Barbery ZI &#8211; Rue de Meaux<\/p>\n\n\n\n<p>Creil &#8211; Parc Alata<\/p>\n\n\n\n<p>Plailly &#8211; Route de Survilliers<\/p>\n\n\n\n<p>Brenouille &#8211; All\u00e9e des Artisans<\/p>\n\n\n\n<p>Pour acc\u00e9der une carte d&rsquo;acc\u00e8s doit vous \u00eatre d\u00e9livr\u00e9e par le Syndicat Mixte du D\u00e9partement de l&rsquo;Oise <\/p>\n\n\n\n<p>Plus d&rsquo;informations : <a href=\"https:\/\/www.smdoise.fr\/smdo\/les-dechetteries\/\">https:\/\/www.smdoise.fr\/<\/a> ou au 03 44 09 67 11<\/p>\n\n\n\n<h4 class=\"wp-block-heading\">Allo Encombrants<\/h4>\n\n\n\n<p>Prestation gratuite jusqu&rsquo;\u00e0 1m3<\/p>\n\n\n\n<p>Num\u00e9ro Vert : 0 800 00 39 19<\/p>\n\n\n\n<p>Les appareils \u00e9lectriques et \u00e9lectroniques, les pots de peinture, le placo, les v\u00eatements et les pneus sont interdits.<\/p>\n\n\n\n<hr class=\"wp-block-separator has-alpha-channel-opacity\"\/>\n<\/div>\n\n\n\n<div class=\"wp-block-group is-vertical is-layout-flex wp-container-core-group-is-layout-8cf370e7 wp-block-group-is-layout-flex\">\n<p><\/p>\n\n\n\n<h2 class=\"wp-block-heading\">Le Centre de Tri<\/h2>\n\n\n\n<figure class=\"wp-block-embed is-type-video is-provider-youtube wp-block-embed-youtube wp-embed-aspect-16-9 wp-has-aspect-ratio\"><div class=\"wp-block-embed__wrapper\">\n<iframe loading=\"lazy\" title=\"Le Centre de Tri\" width=\"525\" height=\"295\" src=\"https:\/\/www.youtube.com\/embed\/d367t5ZSRCA?start=148&#038;feature=oembed\" frameborder=\"0\" allow=\"accelerometer; autoplay; clipboard-write; encrypted-media; gyroscope; picture-in-picture; web-share\" referrerpolicy=\"strict-origin-when-cross-origin\" allowfullscreen><\/iframe>\n<\/div><\/figure>\n\n\n\n<figure class=\"wp-block-embed is-type-video is-provider-youtube wp-block-embed-youtube wp-embed-aspect-16-9 wp-has-aspect-ratio\"><div class=\"wp-block-embed__wrapper\">\n<iframe loading=\"lazy\" title=\"Le Centre de Tri\" width=\"525\" height=\"295\" src=\"https:\/\/www.youtube.com\/embed\/d367t5ZSRCA?start=148&#038;feature=oembed\" frameborder=\"0\" allow=\"accelerometer; autoplay; clipboard-write; encrypted-media; gyroscope; picture-in-picture; web-share\" referrerpolicy=\"strict-origin-when-cross-origin\" allowfullscreen><\/iframe>\n<\/div><\/figure>\n\n\n\n<figure class=\"wp-block-embed is-type-video is-provider-youtube wp-block-embed-youtube wp-embed-aspect-16-9 wp-has-aspect-ratio\"><div class=\"wp-block-embed__wrapper\">\n<iframe loading=\"lazy\" title=\"Le Centre de Tri\" width=\"525\" height=\"295\" src=\"https:\/\/www.youtube.com\/embed\/d367t5ZSRCA?start=148&#038;feature=oembed\" frameborder=\"0\" allow=\"accelerometer; autoplay; clipboard-write; encrypted-media; gyroscope; picture-in-picture; web-share\" referrerpolicy=\"strict-origin-when-cross-origin\" allowfullscreen><\/iframe>\n<\/div><\/figure>\n\n\n\n<figure class=\"wp-block-embed is-type-video is-provider-youtube wp-block-embed-youtube wp-embed-aspect-16-9 wp-has-aspect-ratio\"><div class=\"wp-block-embed__wrapper\">\n<iframe loading=\"lazy\" title=\"Le Centre de Tri\" width=\"525\" height=\"295\" src=\"https:\/\/www.youtube.com\/embed\/d367t5ZSRCA?start=148&#038;feature=oembed\" frameborder=\"0\" allow=\"accelerometer; autoplay; clipboard-write; encrypted-media; gyroscope; picture-in-picture; web-share\" referrerpolicy=\"strict-origin-when-cross-origin\" allowfullscreen><\/iframe>\n<\/div><\/figure>\n\n\n\n<figure class=\"wp-block-embed is-type-video is-provider-youtube wp-block-embed-youtube wp-embed-aspect-16-9 wp-has-aspect-ratio\"><div class=\"wp-block-embed__wrapper\">\n<iframe loading=\"lazy\" title=\"Le Centre de Tri\" width=\"525\" height=\"295\" src=\"https:\/\/www.youtube.com\/embed\/d367t5ZSRCA?start=148&#038;feature=oembed\" frameborder=\"0\" allow=\"accelerometer; autoplay; clipboard-write; encrypted-media; gyroscope; picture-in-picture; web-share\" referrerpolicy=\"strict-origin-when-cross-origin\" allowfullscreen><\/iframe>\n<\/div><\/figure>\n\n\n\n<figure class=\"wp-block-embed is-type-video is-provider-youtube wp-block-embed-youtube wp-embed-aspect-16-9 wp-has-aspect-ratio\"><div class=\"wp-block-embed__wrapper\">\n<iframe loading=\"lazy\" title=\"Le Centre de Tri\" width=\"525\" height=\"295\" src=\"https:\/\/www.youtube.com\/embed\/d367t5ZSRCA?start=148&#038;feature=oembed\" frameborder=\"0\" allow=\"accelerometer; autoplay; clipboard-write; encrypted-media; gyroscope; picture-in-picture; web-share\" referrerpolicy=\"strict-origin-when-cross-origin\" allowfullscreen><\/iframe>\n<\/div><\/figure>\n<\/div>\n\n\n\n<figure class=\"wp-block-embed is-type-video is-provider-youtube wp-block-embed-youtube wp-embed-aspect-16-9 wp-has-aspect-ratio\"><div class=\"wp-block-embed__wrapper\">\n<iframe loading=\"lazy\" title=\"Le Centre de Tri\" width=\"525\" height=\"295\" src=\"https:\/\/www.youtube.com\/embed\/d367t5ZSRCA?start=148&#038;feature=oembed\" frameborder=\"0\" allow=\"accelerometer; autoplay; clipboard-write; encrypted-media; gyroscope; picture-in-picture; web-share\" referrerpolicy=\"strict-origin-when-cross-origin\" allowfullscreen><\/iframe>\n<\/div><\/figure>\n\n\n\n<div class=\"wp-block-group is-vertical is-layout-flex wp-container-core-group-is-layout-8cf370e7 wp-block-group-is-layout-flex\">\n<figure class=\"wp-block-embed is-type-video is-provider-youtube wp-block-embed-youtube wp-embed-aspect-16-9 wp-has-aspect-ratio\"><div class=\"wp-block-embed__wrapper\">\n<iframe loading=\"lazy\" title=\"Le Centre de Tri\" width=\"525\" height=\"295\" src=\"https:\/\/www.youtube.com\/embed\/d367t5ZSRCA?start=148&#038;feature=oembed\" frameborder=\"0\" allow=\"accelerometer; autoplay; clipboard-write; encrypted-media; gyroscope; picture-in-picture; web-share\" referrerpolicy=\"strict-origin-when-cross-origin\" allowfullscreen><\/iframe>\n<\/div><\/figure>\n\n\n\n<figure class=\"wp-block-embed is-type-video is-provider-youtube wp-block-embed-youtube wp-embed-aspect-16-9 wp-has-aspect-ratio\"><div class=\"wp-block-embed__wrapper\">\n<iframe loading=\"lazy\" title=\"Le Centre de Tri\" width=\"525\" height=\"295\" src=\"https:\/\/www.youtube.com\/embed\/d367t5ZSRCA?start=148&#038;feature=oembed\" frameborder=\"0\" allow=\"accelerometer; autoplay; clipboard-write; encrypted-media; gyroscope; picture-in-picture; web-share\" referrerpolicy=\"strict-origin-when-cross-origin\" allowfullscreen><\/iframe>\n<\/div><\/figure>\n\n\n\n<hr class=\"wp-block-separator has-alpha-channel-opacity\"\/>\n\n\n\n<figure class=\"wp-block-embed is-type-video is-provider-youtube wp-block-embed-youtube wp-embed-aspect-16-9 wp-has-aspect-ratio\"><div class=\"wp-block-embed__wrapper\">\n<iframe loading=\"lazy\" title=\"Le Centre de Tri\" width=\"525\" height=\"295\" src=\"https:\/\/www.youtube.com\/embed\/d367t5ZSRCA?start=148&#038;feature=oembed\" frameborder=\"0\" allow=\"accelerometer; autoplay; clipboard-write; encrypted-media; gyroscope; picture-in-picture; web-share\" referrerpolicy=\"strict-origin-when-cross-origin\" allowfullscreen><\/iframe>\n<\/div><\/figure>\n\n\n\n<figure class=\"wp-block-embed is-type-video is-provider-youtube wp-block-embed-youtube wp-embed-aspect-16-9 wp-has-aspect-ratio\"><div class=\"wp-block-embed__wrapper\">\n<iframe loading=\"lazy\" title=\"Le Centre de Tri\" width=\"525\" height=\"295\" src=\"https:\/\/www.youtube.com\/embed\/d367t5ZSRCA?start=148&#038;feature=oembed\" frameborder=\"0\" allow=\"accelerometer; autoplay; clipboard-write; encrypted-media; gyroscope; picture-in-picture; web-share\" referrerpolicy=\"strict-origin-when-cross-origin\" allowfullscreen><\/iframe>\n<\/div><\/figure>\n\n\n\n<figure class=\"wp-block-embed is-type-video is-provider-youtube wp-block-embed-youtube wp-embed-aspect-16-9 wp-has-aspect-ratio\"><div class=\"wp-block-embed__wrapper\">\n<iframe loading=\"lazy\" title=\"Le Centre de Tri\" width=\"525\" height=\"295\" src=\"https:\/\/www.youtube.com\/embed\/d367t5ZSRCA?start=148&#038;feature=oembed\" frameborder=\"0\" allow=\"accelerometer; autoplay; clipboard-write; encrypted-media; gyroscope; picture-in-picture; web-share\" referrerpolicy=\"strict-origin-when-cross-origin\" allowfullscreen><\/iframe>\n<\/div><\/figure>\n\n\n\n<figure class=\"wp-block-embed is-type-video is-provider-youtube wp-block-embed-youtube wp-embed-aspect-16-9 wp-has-aspect-ratio\"><div class=\"wp-block-embed__wrapper\">\n<iframe loading=\"lazy\" title=\"Le Centre de Tri\" width=\"525\" height=\"295\" src=\"https:\/\/www.youtube.com\/embed\/d367t5ZSRCA?start=148&#038;feature=oembed\" frameborder=\"0\" allow=\"accelerometer; autoplay; clipboard-write; encrypted-media; gyroscope; picture-in-picture; web-share\" referrerpolicy=\"strict-origin-when-cross-origin\" allowfullscreen><\/iframe>\n<\/div><\/figure>\n<\/div>\n\n\n\n<p><\/p>\n\n\n\n<p><\/p>\n\n\n\n<p><\/p>\n","protected":false},"excerpt":{"rendered":"<p>Calendrier de Collecte des D\u00e9chets 2026 Calendrier R\u00e8glement Recyclage \u00c0 mettre dans le bac jaune \u00c0 ne pas mettre dans le bac jaune Pour bien recycler Le Verre Des bennes pour le recyclage du verre se situent sur le Chemin du Pl\u00e2tre pr\u00e8s du Chateau d&rsquo;Eau Les V\u00eatements Des bennes pour le recyclages des v\u00eatements &hellip; <\/p>\n<p class=\"link-more\"><a href=\"https:\/\/thiers-sur-theve.fr\/index.php\/dechets\/\" class=\"more-link\">Continuer la lecture<span class=\"screen-reader-text\"> de &laquo;&nbsp;D\u00e9chets&nbsp;&raquo;<\/span><\/a><\/p>\n","protected":false},"author":7,"featured_media":0,"parent":0,"menu_order":0,"comment_status":"closed","ping_status":"closed","template":"","meta":{"footnotes":""},"class_list":["post-5044","page","type-page","status-publish","hentry"],"_links":{"self":[{"href":"https:\/\/thiers-sur-theve.fr\/index.php\/wp-json\/wp\/v2\/pages\/5044","targetHints":{"allow":["GET"]}}],"collection":[{"href":"https:\/\/thiers-sur-theve.fr\/index.php\/wp-json\/wp\/v2\/pages"}],"about":[{"href":"https:\/\/thiers-sur-theve.fr\/index.php\/wp-json\/wp\/v2\/types\/page"}],"author":[{"embeddable":true,"href":"https:\/\/thiers-sur-theve.fr\/index.php\/wp-json\/wp\/v2\/users\/7"}],"replies":[{"embeddable":true,"href":"https:\/\/thiers-sur-theve.fr\/index.php\/wp-json\/wp\/v2\/comments?post=5044"}],"version-history":[{"count":0,"href":"https:\/\/thiers-sur-theve.fr\/index.php\/wp-json\/wp\/v2\/pages\/5044\/revisions"}],"wp:attachment":[{"href":"https:\/\/thiers-sur-theve.fr\/index.php\/wp-json\/wp\/v2\/media?parent=5044"}],"curies":[{"name":"wp","href":"https:\/\/api.w.org\/{rel}","templated":true}]}}